{"id":283,"date":"2023-05-02T11:09:43","date_gmt":"2023-05-02T09:09:43","guid":{"rendered":"http:\/\/www.penzionlipuvka.eu\/?page_id=283"},"modified":"2024-03-04T19:18:50","modified_gmt":"2024-03-04T18:18:50","slug":"penzion-a-restaurace","status":"publish","type":"page","link":"https:\/\/www.penzionlipuvka.eu\/?page_id=283","title":{"rendered":"PENZION A RESTAURACE"},"content":{"rendered":"<p style=\"text-align: left;\">N\u00e1\u0161 penzion V\u00e1s r\u00e1d uv\u00edt\u00e1 ve sv\u00e9m pon\u011bkud neoby\u010dejn\u00e9m prost\u0159ed\u00ed \u2013 jedn\u00e1 se o divadeln\u00ed penzion, najde tu tedy spoustu rekvizit a loutkov\u00fdch figur\u00edn, je zde v\u00fdstava obraz\u016f sou\u010dasn\u00fdch um\u011blc\u016f a celkov\u011b zde na V\u00e1s d\u00fdchne um\u011bleck\u00e1 atmosf\u00e9ra. Udr\u017eujeme zde RETRO prost\u0159ed\u00ed \u2013 ne\u010dekejte tedy vybaven\u00ed podle posledn\u00ed m\u00f3dy, za to V\u00e1s pot\u011b\u0161\u00edme krbem a poctivou kuchyn\u00ed a v\u016fbec se u n\u00e1s budete c\u00edtit \u201ejako doma\u201c. Wifi ale samoz\u0159ejm\u011b m\u00e1me, a to zdarma a po cel\u00e9m penzionu.<\/p>\n<p style=\"text-align: left;\">K dispozici jsou pokoje dvou a\u017e \u010dty\u0159l\u016f\u017ekov\u00e9, n\u011bkter\u00e9 s vlastn\u00edm soci\u00e1ln\u00edm za\u0159\u00edzen\u00edm, n\u011bkter\u00e9 se sd\u00edlen\u00fdm na chodb\u011b. Pokoje nejsou uzp\u016fsoben\u00e9 na jakoukoli p\u0159\u00edpravu vlastn\u00edch j\u00eddel a n\u00e1poj\u016f, cel\u00fd den je v\u0161ak k dispozici bar a restaurace, kde V\u00e1s r\u00e1di obslou\u017e\u00edme a mile p\u0159ekvap\u00edme n\u00edzk\u00fdmi cenami.<\/p>\n<p style=\"text-align: left;\">P\u0159es l\u00e9to je p\u0159\u00edjemn\u00e9 posezen\u00ed na terase s v\u00fdhledem na zahradu, kde Va\u0161e d\u011bti najdou bohat\u00e9 vy\u017eit\u00ed v\u010detn\u011b trampol\u00edny a zahradn\u00edho baz\u00e9nu. Pro d\u011bti u n\u00e1s celkov\u011b najdete v\u0161e, co je pot\u0159eba &#8211; d\u011btskou hernu, \u017eidli\u010dky, p\u0159ebalovac\u00ed pult, vani\u010dky, no\u010dn\u00edky a samoz\u0159ejm\u011b p\u016fj\u010dujeme d\u011btsk\u00e9 post\u00fdlky s vybaven\u00edm (zdarma). Tak\u00e9 jsme p\u0159ipraveni nachystat d\u011btskou stravu, i pro nejmen\u0161\u00ed. R\u00e1di u n\u00e1s p\u0159iv\u00edt\u00e1me pejsky i jin\u00e1 zv\u00ed\u0159\u00e1tka.<\/p>\n<p style=\"text-align: left;\">Penzion m\u00e1 vlastn\u00ed parkovi\u0161t\u011b, je mo\u017eno si u n\u00e1s uskladnit kola a v zim\u011b ly\u017ee. Kola a kolob\u011b\u017eky je t\u00e9\u017e mo\u017en\u00e9 si vyp\u016fj\u010dit. M\u00e1me tak\u00e9 svoji saunu, kterou si mohou host\u00e9 objednat.<\/p>\n<p style=\"text-align: left;\">V na\u0161\u00ed restauraci V\u00e1s r\u00e1di pohost\u00edme poctivou dom\u00e1c\u00ed kuchyn\u00ed. Ka\u017ed\u00fd den je nachyst\u00e1no menu za 119,-K\u010d, pol\u00e9vky, steakov\u00e9 menu, d\u00e1le u n\u00e1s najdete v\u0161elijak\u00e9 dobroty od tvar\u016f\u017ekov\u00fdch dobrot p\u0159es nepostradateln\u00fd \u201esma\u017e\u00e1k\u201c a\u017e po \u017eab\u00ed steh\u00fdnka. Rozhodn\u011b si nenechte uj\u00edt na\u0161e proslaven\u00e9 kynut\u00e9 knedl\u00edky s bor\u016fvkami \u010di jin\u00e9 bor\u016fvkov\u00e9 speciality. Ne\u010din\u00ed n\u00e1m probl\u00e9m vyhov\u011bt v\u0161elijak\u00fdm dietn\u00edm omezen\u00edm a stravovac\u00edm zvyk\u016fm. Nab\u00edz\u00edme tak\u00e9 uspo\u0159\u00e1d\u00e1n\u00ed oslav, svateb, hostin atd. Na\u0161i ubytovan\u00ed host\u00e9 maj\u00ed mo\u017enost celodenn\u00edho stravov\u00e1n\u00ed po\u010d\u00ednaje r\u00e1no sn\u00eddan\u00ed teplou \u010di studenou &#8211; dle v\u00fdb\u011bru z n\u011bkolika mo\u017enost\u00ed. Stravov\u00e1n\u00ed nen\u00ed t\u0159eba p\u0159edem objedn\u00e1vat.<\/p>\n<p style=\"text-align: left;\">Penzion je v provozu p\u0159es letn\u00ed a zimn\u00ed sez\u00f3nu, tj. \u010dervenec \u2013 srpen a \u00fanor \u2013 b\u0159ezen, jinak o v\u00edkendech a sv\u00e1tc\u00edch a dle p\u0159\u00edpadn\u00e9 objedn\u00e1vky. Stejn\u011b je v provozu i restaurace, a to ka\u017ed\u00fd den od 12 do 21 hodin. <a href=\"http:\/\/www.penzionlipuvka.eu\/wp-content\/uploads\/2023\/05\/unnamed.png\"><img loading=\"lazy\" decoding=\"async\" class=\"size-medium wp-image-295 aligncenter\" src=\"http:\/\/www.penzionlipuvka.eu\/wp-content\/uploads\/2023\/05\/unnamed-212x300.png\" alt=\"\" width=\"212\" height=\"300\" srcset=\"https:\/\/www.penzionlipuvka.eu\/wp-content\/uploads\/2023\/05\/unnamed-212x300.png 212w, https:\/\/www.penzionlipuvka.eu\/wp-content\/uploads\/2023\/05\/unnamed.png 400w\" sizes=\"auto, (max-width: 212px) 100vw, 212px\" \/><\/a> Okol\u00ed:<\/p>\n<p style=\"text-align: left;\">Jesen\u00edky a Rychlebsk\u00e9 hory nab\u00edzej\u00ed \u0159adu turistick\u00fdch c\u00edl\u016f v zim\u011b i v l\u00e9t\u011b. Pro ly\u017ea\u0159e jsou p\u0159\u00edmo v Lipov\u00e9 dv\u011b st\u0159ediska \u2013 L\u00e1ze\u0148sk\u00fd vrch a Miroslav, v bl\u00edzk\u00e9m dosahu (pouze dv\u011b stanice vlakem od penzionu) je vysokohorsk\u00e9 st\u0159edisko Ramzov\u00e1, na bl\u00edzk\u00fd dojezd autem pak Ostru\u017en\u00ed \u010di \u010cervenohorsk\u00e9 sedlo. Pro b\u011b\u017eka\u0159e je ide\u00e1ln\u00ed Paprsek u Brann\u00e9.<\/p>\n<p style=\"text-align: left;\">V l\u00e9t\u011b je zde ide\u00e1ln\u00ed prost\u0159ed\u00ed pro cyklisty \u2013 jsou zde vybudovan\u00e9 cyklostezky (i pro milovn\u00edky adrenalinu) a \u0159ada c\u00edl\u016f, kam lze dojet nebo tak\u00e9 doj\u00edt p\u011b\u0161ky. Obl\u00edbenou \u201eatrakc\u00ed\u201c je nedalek\u00fd lesn\u00ed bar \u2013 m\u00edstn\u00ed malebn\u00e1 rarita, kter\u00e1 stoj\u00ed za zhl\u00e9dnut\u00ed. Rodiny s d\u011btmi r\u00e1di nav\u0161t\u011bvuj\u00ed lipovskou Zoo \u2013 Faunapark, kter\u00e1 je p\u0159\u00edjemn\u00fdm m\u00edstem se spoustou zaj\u00edmav\u00fdch zv\u00ed\u0159\u00e1tek. I v l\u00e9t\u011b je mo\u017eno vyu\u017e\u00edt lanovku na \u0160er\u00e1k a odtud se vracet po turistick\u00e9 stezce, pro d\u011bti je zde tak\u00e9 bobov\u00e1 dr\u00e1ha a jin\u00e9 radosti.<\/p>\n<p style=\"text-align: left;\">V \u0161ir\u0161\u00edm okol\u00ed stoj\u00ed za vid\u011bn\u00ed p\u0159\u00edrodn\u00ed rezervace Rejv\u00edz, Jeskyn\u011b Na Pomez\u00ed, Pap\u00edrna ve Velk\u00fdch Losin\u00e1ch, z\u00e1mek \u010cerven\u00fd vrch v Javorn\u00edku, Ra\u010d\u00ed \u00fadol\u00ed a kr\u00e1sn\u011b opraven\u00e1 Tan\u010d\u00edrna \u2013 secesn\u00ed skvost uprost\u0159ed p\u0159\u00edrody, Priessnitzovy l\u00e1zn\u011b v Jesen\u00edku s p\u0159ekr\u00e1sn\u00fdmi v\u00fdhledy a voln\u011b p\u0159\u00edstupnou ozdravnou k\u00farou na nohy, jesenick\u00e1 Tvrz s expozic\u00ed o \u010darod\u011bjnictv\u00ed, rozhledna Zlat\u00fd Chlum, Adrenalin Park v \u010cesk\u00e9 Vsi, vodn\u00ed elektr\u00e1rna Dlouh\u00e9 Str\u00e1n\u011b atd., atd\u2026<\/p>\n<p style=\"text-align: left;\">Kdo by r\u00e1d relaxoval ve vod\u011b, m\u00e1 mo\u017enost wellness p\u0159\u00edmo v Lipov\u00e9 (Hotel Helios) nebo v Jesen\u00edku. Tam je t\u00e9\u017e velk\u00e9 letn\u00ed koupali\u0161t\u011b, n\u00e1ro\u010dn\u011bj\u0161\u00edm pak m\u016f\u017eeme doporu\u010dit term\u00e1ln\u00ed l\u00e1zn\u011b ve Velk\u00fdch Losin\u00e1ch. M\u00e9n\u011b n\u00e1ro\u010dn\u00fdm pak m\u016f\u017eeme nab\u00eddnout vlastn\u00ed saunu a baz\u00e9n na zahrad\u011b.<\/p>\n<p style=\"text-align: left;\">Zkr\u00e1tka \u2013 pobyt zde si u\u017eijete v ka\u017ed\u00e9m ro\u010dn\u00edm obdob\u00ed a za ka\u017ed\u00e9ho po\u010das\u00ed. V\u00fdhodou je, \u017ee od na\u0161eho penzionu je v\u0161e snadno dostupn\u00e9 i bez auta \u2013 pouh\u00fdch p\u011bt minut od n\u00e1s je zast\u00e1vka vlaku a takt\u00e9\u017e zde jezd\u00ed autobus, lze se tedy snadno dostat kamkoli.<\/p>\n<div class=\"addtoany_share_save_container addtoany_content_bottom\"><div class=\"a2a_kit a2a_kit_size_32 addtoany_list a2a_target\" id=\"wpa2a_1\"><a class=\"a2a_button_facebook\" href=\"http:\/\/www.addtoany.com\/add_to\/facebook?linkurl=https%3A%2F%2Fwww.penzionlipuvka.eu%2F%3Fpage_id%3D283&amp;linkname=PENZION%20A%20RESTAURACE\" title=\"Facebook\" rel=\"nofollow\" target=\"_blank\"><\/a><a class=\"a2a_button_twitter\" href=\"http:\/\/www.addtoany.com\/add_to\/twitter?linkurl=https%3A%2F%2Fwww.penzionlipuvka.eu%2F%3Fpage_id%3D283&amp;linkname=PENZION%20A%20RESTAURACE\" title=\"Twitter\" rel=\"nofollow\" target=\"_blank\"><\/a><a class=\"a2a_button_google_plus\" href=\"http:\/\/www.addtoany.com\/add_to\/google_plus?linkurl=https%3A%2F%2Fwww.penzionlipuvka.eu%2F%3Fpage_id%3D283&amp;linkname=PENZION%20A%20RESTAURACE\" title=\"Google+\" rel=\"nofollow\" target=\"_blank\"><\/a><a class=\"a2a_dd addtoany_share_save\" href=\"https:\/\/www.addtoany.com\/share_save\"><\/a>\n<script type=\"text\/javascript\"><!--\nwpa2a.script_load();\n\/\/--><\/script>\n<\/div><\/div>","protected":false},"excerpt":{"rendered":"<p>N\u00e1\u0161 penzion V\u00e1s r\u00e1d uv\u00edt\u00e1 ve sv\u00e9m pon\u011bkud neoby\u010dejn\u00e9m prost\u0159ed\u00ed \u2013 jedn\u00e1 se o divadeln\u00ed penzion, najde tu tedy spoustu rekvizit a loutkov\u00fdch figur\u00edn, je zde v\u00fdstava obraz\u016f sou\u010dasn\u00fdch um\u011blc\u016f a celkov\u011b zde na V\u00e1s d\u00fdchne um\u011bleck\u00e1 atmosf\u00e9ra. Udr\u017eujeme zde RETRO prost\u0159ed\u00ed \u2013 ne\u010dekejte tedy vybaven\u00ed podle posledn\u00ed m\u00f3dy, za to V\u00e1s pot\u011b\u0161\u00edme krbem a &hellip; <a href=\"https:\/\/www.penzionlipuvka.eu\/?page_id=283\" class=\"more-link\">Pokra\u010dov\u00e1n\u00ed textu <span class=\"screen-reader-text\">PENZION A RESTAURACE<\/span><\/a><\/p>\n<div class=\"addtoany_share_save_container addtoany_content_bottom\"><div class=\"a2a_kit a2a_kit_size_32 addtoany_list a2a_target\" id=\"wpa2a_2\"><a class=\"a2a_button_facebook\" href=\"http:\/\/www.addtoany.com\/add_to\/facebook?linkurl=https%3A%2F%2Fwww.penzionlipuvka.eu%2F%3Fpage_id%3D283&amp;linkname=PENZION%20A%20RESTAURACE\" title=\"Facebook\" rel=\"nofollow\" target=\"_blank\"><\/a><a class=\"a2a_button_twitter\" href=\"http:\/\/www.addtoany.com\/add_to\/twitter?linkurl=https%3A%2F%2Fwww.penzionlipuvka.eu%2F%3Fpage_id%3D283&amp;linkname=PENZION%20A%20RESTAURACE\" title=\"Twitter\" rel=\"nofollow\" target=\"_blank\"><\/a><a class=\"a2a_button_google_plus\" href=\"http:\/\/www.addtoany.com\/add_to\/google_plus?linkurl=https%3A%2F%2Fwww.penzionlipuvka.eu%2F%3Fpage_id%3D283&amp;linkname=PENZION%20A%20RESTAURACE\" title=\"Google+\" rel=\"nofollow\" target=\"_blank\"><\/a><a class=\"a2a_dd addtoany_share_save\" href=\"https:\/\/www.addtoany.com\/share_save\"><\/a><\/div><\/div>","protected":false},"author":1,"featured_media":0,"parent":0,"menu_order":0,"comment_status":"open","ping_status":"open","template":"","meta":{"footnotes":""},"class_list":["post-283","page","type-page","status-publish","hentry"],"aioseo_notices":[],"_links":{"self":[{"href":"https:\/\/www.penzionlipuvka.eu\/index.php?rest_route=\/wp\/v2\/pages\/283","targetHints":{"allow":["GET"]}}],"collection":[{"href":"https:\/\/www.penzionlipuvka.eu\/index.php?rest_route=\/wp\/v2\/pages"}],"about":[{"href":"https:\/\/www.penzionlipuvka.eu\/index.php?rest_route=\/wp\/v2\/types\/page"}],"author":[{"embeddable":true,"href":"https:\/\/www.penzionlipuvka.eu\/index.php?rest_route=\/wp\/v2\/users\/1"}],"replies":[{"embeddable":true,"href":"https:\/\/www.penzionlipuvka.eu\/index.php?rest_route=%2Fwp%2Fv2%2Fcomments&post=283"}],"version-history":[{"count":12,"href":"https:\/\/www.penzionlipuvka.eu\/index.php?rest_route=\/wp\/v2\/pages\/283\/revisions"}],"predecessor-version":[{"id":333,"href":"https:\/\/www.penzionlipuvka.eu\/index.php?rest_route=\/wp\/v2\/pages\/283\/revisions\/333"}],"wp:attachment":[{"href":"https:\/\/www.penzionlipuvka.eu\/index.php?rest_route=%2Fwp%2Fv2%2Fmedia&parent=283"}],"curies":[{"name":"wp","href":"https:\/\/api.w.org\/{rel}","templated":true}]}}