{"id":25,"date":"2015-07-07T01:23:13","date_gmt":"2015-07-06T23:23:13","guid":{"rendered":"http:\/\/www.penzionlipuvka.eu\/?page_id=25"},"modified":"2025-05-29T16:56:15","modified_gmt":"2025-05-29T14:56:15","slug":"cenik","status":"publish","type":"page","link":"https:\/\/www.penzionlipuvka.eu\/?page_id=25","title":{"rendered":"CEN\u00cdK"},"content":{"rendered":"<p>UBYTOV\u00c1N\u00cd:<\/p>\n<ul>\n<li>pokoj bez soc. za\u0159\u00edzen\u00ed: <strong>480<\/strong><strong>,-K\u010d<\/strong> \/os. &#8211; p\u0159i pobytu na 1-2 noci; <strong>4<\/strong><strong>30,-K\u010d<\/strong>\/os. &#8211; p\u0159i pobytu 3 a v\u00edce noc\u00ed.<\/li>\n<li>dvoul\u016f\u017ekov\u00fd pokoj s koupelnou: <strong>650<\/strong><strong>,-K\u010d<\/strong>\/os. &#8211; p\u0159i pobytu na 1-2 noci; <strong>600<\/strong><strong>,-K\u010d<\/strong>\/os. &#8211; p\u0159i pobytu 3 a v\u00edce noc\u00ed.<\/li>\n<li>\u010dty\u0159l\u016f\u017ekov\u00fd pokoj s vlastn\u00edm soc. za\u0159\u00edzen\u00edm:\u00a0<strong>590,-K\u010d<\/strong>\/os. &#8211;\u00a0p\u0159i pobytu na 1-2 noci;\u00a0<strong>540,-K\u010d<\/strong>\/os. &#8211; p\u0159i pobytu 3 a v\u00edce noc\u00ed.<\/li>\n<li>apartm\u00e1n: <strong>700,-K\u010d<\/strong>\/os. &#8211;\u00a0p\u0159i pobytu na 1-2 noci;\u00a0<strong>650<\/strong><strong>,-K\u010d<\/strong>\/os. &#8211; p\u0159i pobytu 3 a v\u00edce noc\u00ed.<\/li>\n<li>d\u011bti do 6 let v\u010detn\u011b \u2013 <strong>zdarma<\/strong><\/li>\n<li>Dom\u00e1c\u00ed mazl\u00ed\u010dci &#8211; r\u00e1di je \u00a0u n\u00e1s ubytujeme p\u0159i z\u00e1ruce \u010distotnosti a slu\u0161n\u00e9ho chov\u00e1n\u00ed k lidem i ostatn\u00edm zv\u00ed\u0159at\u016fm: <strong>70,-K\u010d<\/strong>\/den.<\/li>\n<li>zap\u016fj\u010den\u00ed d\u011btsk\u00e9 post\u00fdlky &#8211; <strong>zdarma<\/strong><\/li>\n<\/ul>\n<p>Poskytujeme individu\u00e1ln\u00ed slevy pro OZP, d\u016fchodce, studenty\u2026<\/p>\n<p><strong><a href=\"http:\/\/www.rodinnepasy.cz\" target=\"_blank\" rel=\"noopener\">Rodinn\u00e9 pasy<\/a>\u00a0a Senior pasy\u00a0<\/strong>&#8211; sleva 5% z ceny ubytov\u00e1n\u00ed p\u0159i pobytu na 3 a v\u00edce noc\u00ed.<\/p>\n<p>STRAVOV\u00c1N\u00cd:<\/p>\n<ul>\n<li>pln\u00e1 penze: <strong>360,-K\u010d<\/strong><\/li>\n<li>polopenze: <strong>265<\/strong><strong>,-K\u010d<\/strong><\/li>\n<li>sn\u00eddan\u011b: <strong>110,-K\u010d<\/strong><\/li>\n<\/ul>\n<p>STRAVOV\u00c1N\u00cd PRO D\u011aTI:<\/p>\n<ul>\n<li>pln\u00e1 penze: <strong>280,-K\u010d<\/strong><\/li>\n<li>polopenze: <strong>200,-K\u010d<\/strong><\/li>\n<li>sn\u00eddan\u011b:<strong> 84,-K\u010d<\/strong><\/li>\n<\/ul>\n<p>V r\u00e1mci sn\u00eddan\u011b jsou zahrnuty n\u00e1poje: k\u00e1va, \u010daj, pro d\u011bti kakao a ml\u00e9ko. V\u0161e v libovoln\u00e9m mno\u017estv\u00ed.<\/p>\n<p>SKUPINY:<\/p>\n<p>Pro ly\u017ea\u0159sk\u00e9 \u0161koln\u00ed z\u00e1jezdy, \u0161koly a \u0161kolky v p\u0159\u00edrod\u011b ad. &#8211; ceny dohodou.<\/p>\n<p><i>\u201e<\/i><b><i>Podle z\u00e1kona o evidenci tr\u017eeb je prod\u00e1vaj\u00edc\u00ed povinen vystavit kupuj\u00edc\u00edmu \u00fa\u010dtenku. Z\u00e1rove\u0148 je povinen zaevidovat p\u0159ijatou tr\u017ebu u spr\u00e1vce dan\u011b on-line; v p\u0159\u00edpad\u011b technick\u00e9ho v\u00fdpadku pak nejpozd\u011bji do 48 hodin.\u201c<\/i><\/b><\/p>\n<p>Sauna: <strong>400,-K\u010d <\/strong>(jednotn\u00e1 cena za rozeh\u0159\u00e1t\u00ed sauny pro 1-4 osoby)<\/p>\n<p>P\u0159ist\u00fdlka: <strong>300,- K\u010d<\/strong><\/p>\n<div class=\"addtoany_share_save_container addtoany_content_bottom\"><div class=\"a2a_kit a2a_kit_size_32 addtoany_list a2a_target\" id=\"wpa2a_1\"><a class=\"a2a_button_facebook\" href=\"http:\/\/www.addtoany.com\/add_to\/facebook?linkurl=https%3A%2F%2Fwww.penzionlipuvka.eu%2F%3Fpage_id%3D25&amp;linkname=CEN%C3%8DK\" title=\"Facebook\" rel=\"nofollow\" target=\"_blank\"><\/a><a class=\"a2a_button_twitter\" href=\"http:\/\/www.addtoany.com\/add_to\/twitter?linkurl=https%3A%2F%2Fwww.penzionlipuvka.eu%2F%3Fpage_id%3D25&amp;linkname=CEN%C3%8DK\" title=\"Twitter\" rel=\"nofollow\" target=\"_blank\"><\/a><a class=\"a2a_button_google_plus\" href=\"http:\/\/www.addtoany.com\/add_to\/google_plus?linkurl=https%3A%2F%2Fwww.penzionlipuvka.eu%2F%3Fpage_id%3D25&amp;linkname=CEN%C3%8DK\" title=\"Google+\" rel=\"nofollow\" target=\"_blank\"><\/a><a class=\"a2a_dd addtoany_share_save\" href=\"https:\/\/www.addtoany.com\/share_save\"><\/a>\n<script type=\"text\/javascript\"><!--\nwpa2a.script_load();\n\/\/--><\/script>\n<\/div><\/div>","protected":false},"excerpt":{"rendered":"<p>UBYTOV\u00c1N\u00cd: pokoj bez soc. za\u0159\u00edzen\u00ed: 480,-K\u010d \/os. &#8211; p\u0159i pobytu na 1-2 noci; 430,-K\u010d\/os. &#8211; p\u0159i pobytu 3 a v\u00edce noc\u00ed. dvoul\u016f\u017ekov\u00fd pokoj s koupelnou: 650,-K\u010d\/os. &#8211; p\u0159i pobytu na 1-2 noci; 600,-K\u010d\/os. &#8211; p\u0159i pobytu 3 a v\u00edce noc\u00ed. \u010dty\u0159l\u016f\u017ekov\u00fd pokoj s vlastn\u00edm soc. za\u0159\u00edzen\u00edm:\u00a0590,-K\u010d\/os. &#8211;\u00a0p\u0159i pobytu na 1-2 noci;\u00a0540,-K\u010d\/os. &#8211; p\u0159i pobytu 3 &hellip; <a href=\"https:\/\/www.penzionlipuvka.eu\/?page_id=25\" class=\"more-link\">Pokra\u010dov\u00e1n\u00ed textu <span class=\"screen-reader-text\">CEN\u00cdK<\/span><\/a><\/p>\n<div class=\"addtoany_share_save_container addtoany_content_bottom\"><div class=\"a2a_kit a2a_kit_size_32 addtoany_list a2a_target\" id=\"wpa2a_2\"><a class=\"a2a_button_facebook\" href=\"http:\/\/www.addtoany.com\/add_to\/facebook?linkurl=https%3A%2F%2Fwww.penzionlipuvka.eu%2F%3Fpage_id%3D25&amp;linkname=CEN%C3%8DK\" title=\"Facebook\" rel=\"nofollow\" target=\"_blank\"><\/a><a class=\"a2a_button_twitter\" href=\"http:\/\/www.addtoany.com\/add_to\/twitter?linkurl=https%3A%2F%2Fwww.penzionlipuvka.eu%2F%3Fpage_id%3D25&amp;linkname=CEN%C3%8DK\" title=\"Twitter\" rel=\"nofollow\" target=\"_blank\"><\/a><a class=\"a2a_button_google_plus\" href=\"http:\/\/www.addtoany.com\/add_to\/google_plus?linkurl=https%3A%2F%2Fwww.penzionlipuvka.eu%2F%3Fpage_id%3D25&amp;linkname=CEN%C3%8DK\" title=\"Google+\" rel=\"nofollow\" target=\"_blank\"><\/a><a class=\"a2a_dd addtoany_share_save\" href=\"https:\/\/www.addtoany.com\/share_save\"><\/a><\/div><\/div>","protected":false},"author":1,"featured_media":0,"parent":0,"menu_order":0,"comment_status":"open","ping_status":"open","template":"","meta":{"footnotes":""},"class_list":["post-25","page","type-page","status-publish","hentry"],"aioseo_notices":[],"_links":{"self":[{"href":"https:\/\/www.penzionlipuvka.eu\/index.php?rest_route=\/wp\/v2\/pages\/25","targetHints":{"allow":["GET"]}}],"collection":[{"href":"https:\/\/www.penzionlipuvka.eu\/index.php?rest_route=\/wp\/v2\/pages"}],"about":[{"href":"https:\/\/www.penzionlipuvka.eu\/index.php?rest_route=\/wp\/v2\/types\/page"}],"author":[{"embeddable":true,"href":"https:\/\/www.penzionlipuvka.eu\/index.php?rest_route=\/wp\/v2\/users\/1"}],"replies":[{"embeddable":true,"href":"https:\/\/www.penzionlipuvka.eu\/index.php?rest_route=%2Fwp%2Fv2%2Fcomments&post=25"}],"version-history":[{"count":26,"href":"https:\/\/www.penzionlipuvka.eu\/index.php?rest_route=\/wp\/v2\/pages\/25\/revisions"}],"predecessor-version":[{"id":371,"href":"https:\/\/www.penzionlipuvka.eu\/index.php?rest_route=\/wp\/v2\/pages\/25\/revisions\/371"}],"wp:attachment":[{"href":"https:\/\/www.penzionlipuvka.eu\/index.php?rest_route=%2Fwp%2Fv2%2Fmedia&parent=25"}],"curies":[{"name":"wp","href":"https:\/\/api.w.org\/{rel}","templated":true}]}}