{"id":204,"date":"2015-07-08T00:58:27","date_gmt":"2015-07-07T22:58:27","guid":{"rendered":"http:\/\/www.penzionlipuvka.eu\/?page_id=204"},"modified":"2022-04-24T13:40:31","modified_gmt":"2022-04-24T11:40:31","slug":"nasi-poslanci","status":"publish","type":"page","link":"https:\/\/www.penzionlipuvka.eu\/?page_id=204","title":{"rendered":"NA\u0160I POSLANCI"},"content":{"rendered":"<p><a href=\"http:\/\/www.klaunika.eu\/wp-content\/uploads\/2015\/06\/kruhkata.jpg\"><img loading=\"lazy\" decoding=\"async\" class=\" size-medium wp-image-690 aligncenter\" src=\"http:\/\/www.klaunika.eu\/wp-content\/uploads\/2015\/06\/kruhkata-300x272.jpg\" alt=\"kruhkata\" width=\"300\" height=\"272\" \/><\/a><\/p>\n<p style=\"text-align: center;\"><strong>V\u00c1\u017dEN\u00c1 POSLANKYN\u011a KATE\u0158INA PROKE\u0160OV\u00c1<\/strong><\/p>\n<ul>\n<li>znalkyn\u011b bordel\u016f na h\u0159bitovech a v pap\u00edrov\u00fdch kartot\u00e9k\u00e1ch<\/li>\n<li>odbornice na d\u011btstv\u00ed a vod\u00edc\u00ed psy<\/li>\n<li>majitelka titulu MgrAnd. (Magistr And\u011bl)<\/li>\n<li>tlumo\u010dnice do and\u011blsk\u00e9 znakov\u00e9 \u0159e\u010di<\/li>\n<li>na Lip\u016fvce vedouc\u00ed sm\u011bny a hlavn\u00ed pokojsk\u00e1<\/li>\n<\/ul>\n<hr \/>\n<p>&nbsp;<\/p>\n<p style=\"text-align: center;\">\n<p><a href=\"http:\/\/www.klaunika.eu\/wp-content\/uploads\/2015\/06\/kruhduben.jpg\"><img loading=\"lazy\" decoding=\"async\" class=\" size-medium wp-image-689 aligncenter\" src=\"http:\/\/www.klaunika.eu\/wp-content\/uploads\/2015\/06\/kruhduben-300x273.jpg\" alt=\"kruhduben\" width=\"300\" height=\"273\" \/><\/a><\/p>\n<p style=\"text-align: center;\"><strong>V\u00c1\u017dEN\u00dd POSLANEC JAN DUBENSK\u00dd<\/strong><\/p>\n<ul>\n<li>policejn\u00ed \u0159iditel, budouc\u00ed policejn\u00ed prezident<\/li>\n<li>porodn\u00edk inov\u00e1tor a hrd\u00fd otec v\u00edce ne\u017e milionu d\u011bt\u00ed<\/li>\n<li>budouc\u00ed man\u017eel pan\u00ed poslankyn\u011b \u0160prtelov\u00e9<\/li>\n<li>fam\u00f3zn\u00ed kytarista John John Lennon Dubensk\u00fd, kter\u00fd svou kytaru hrav\u011b prom\u011bn\u00ed v housle, fl\u00e9tnu, nebo s\u00e1go<\/li>\n<li>aktu\u00e1ln\u00ed dr\u017eitel putovn\u00edho \u0158\u00e1du Zlat\u00e9ho lejna<\/li>\n<li>na Lip\u016fvce \u0161\u00e9fkucha\u0159<\/li>\n<\/ul>\n<hr \/>\n<p><a href=\"http:\/\/www.klaunika.eu\/wp-content\/uploads\/2015\/06\/kruhzuz.jpg\"><img loading=\"lazy\" decoding=\"async\" class=\" size-medium wp-image-694 aligncenter\" src=\"http:\/\/www.klaunika.eu\/wp-content\/uploads\/2015\/06\/kruhzuz-246x300.jpg\" alt=\"kruhzuz\" width=\"246\" height=\"300\" \/><\/a><\/p>\n<p style=\"text-align: center;\"><strong>V\u00c1\u017dEN\u00c1 POSLANKYN\u011a ZUZANA \u0160PRTELOV\u00c1<\/strong><\/p>\n<ul>\n<li>poslankyn\u011b typu vodn\u00ed v\u00edly<\/li>\n<li>odbornice na rybolov a zach\u00e1zen\u00ed s drobn\u00fdmi rybi\u010dkami<\/li>\n<li>poradkyn\u011b pro vhodn\u00e9 v\u00e1no\u010dn\u00ed menu<\/li>\n<li>budouc\u00ed man\u017eelka pana poslance Dubensk\u00e9ho<\/li>\n<li>ryb\u00ed tane\u010dnice<\/li>\n<li>na Lip\u016fvce zapisovatelka objedn\u00e1vek v piktogramech<br \/>\n<hr \/>\n<\/li>\n<\/ul>\n<p><a href=\"http:\/\/www.penzionlipuvka.eu\/wp-content\/uploads\/2015\/07\/marek-na-web-modified.png\"><img loading=\"lazy\" decoding=\"async\" class=\"alignnone size-medium wp-image-264 aligncenter\" src=\"http:\/\/www.penzionlipuvka.eu\/wp-content\/uploads\/2015\/07\/marek-na-web-modified-300x300.png\" alt=\"marek na web-modified\" width=\"300\" height=\"300\" srcset=\"https:\/\/www.penzionlipuvka.eu\/wp-content\/uploads\/2015\/07\/marek-na-web-modified-300x300.png 300w, https:\/\/www.penzionlipuvka.eu\/wp-content\/uploads\/2015\/07\/marek-na-web-modified-150x150.png 150w, https:\/\/www.penzionlipuvka.eu\/wp-content\/uploads\/2015\/07\/marek-na-web-modified-1024x1024.png 1024w, https:\/\/www.penzionlipuvka.eu\/wp-content\/uploads\/2015\/07\/marek-na-web-modified.png 1449w\" sizes=\"auto, (max-width: 300px) 100vw, 300px\" \/><\/a><\/p>\n<p>&nbsp;<\/p>\n<p style=\"text-align: center;\"><strong>V\u00c1\u017dEN\u00dd POSLANEC MAREK \u0160N\u00c9DAR<\/strong><\/p>\n<ul>\n<li>propag\u00e1tor zdrav\u00e9ho \u017eivotn\u00edho stylu \u2013\u201eaby d\u011bti sportovaly a nekynuly doma u po\u010d\u00edta\u010d\u016f\u201c<\/li>\n<li>vrcholov\u00fd sportovec<\/li>\n<li>mistr Evropy sv\u00e9 kategorie v plav\u00e1n\u00ed<\/li>\n<li>na Lip\u016fvce odborn\u00edk na \u0159emeslnick\u00e9 pr\u00e1ce<\/li>\n<\/ul>\n<hr \/>\n<p>&nbsp;<\/p>\n<p><a href=\"http:\/\/www.klaunika.eu\/wp-content\/uploads\/2015\/06\/kruhpe%C5%99.jpg\"><img loading=\"lazy\" decoding=\"async\" class=\" size-medium wp-image-692 aligncenter\" src=\"http:\/\/www.klaunika.eu\/wp-content\/uploads\/2015\/06\/kruhpe%C5%99-257x300.jpg\" alt=\"kruhpe\u0159\" width=\"257\" height=\"300\" \/><\/a><strong>V\u00c1\u017dEN\u00dd POSLANEC JAROSLAV PE\u0158INA<\/strong><\/p>\n<ul>\n<li>ochr\u00e1nce mal\u00fdch pejsk\u016f a pralesn\u00edch goril<\/li>\n<li>takt\u00e9\u017e goril\u00ed p\u0159evt\u011blova\u010d<\/li>\n<li>archiv\u00e1\u0159 Strany<\/li>\n<li>objevitel ekologick\u00fdch metod p\u0159i \u010di\u0161t\u011bn\u00ed septik\u016f<\/li>\n<li>na Lip\u016fvce hlavn\u00ed my\u010d n\u00e1dob\u00ed a le\u0161titel sklenic<\/li>\n<\/ul>\n<div class=\"addtoany_share_save_container addtoany_content_bottom\"><div class=\"a2a_kit a2a_kit_size_32 addtoany_list a2a_target\" id=\"wpa2a_1\"><a class=\"a2a_button_facebook\" href=\"http:\/\/www.addtoany.com\/add_to\/facebook?linkurl=https%3A%2F%2Fwww.penzionlipuvka.eu%2F%3Fpage_id%3D204&amp;linkname=NA%C5%A0I%20POSLANCI\" title=\"Facebook\" rel=\"nofollow\" target=\"_blank\"><\/a><a class=\"a2a_button_twitter\" href=\"http:\/\/www.addtoany.com\/add_to\/twitter?linkurl=https%3A%2F%2Fwww.penzionlipuvka.eu%2F%3Fpage_id%3D204&amp;linkname=NA%C5%A0I%20POSLANCI\" title=\"Twitter\" rel=\"nofollow\" target=\"_blank\"><\/a><a class=\"a2a_button_google_plus\" href=\"http:\/\/www.addtoany.com\/add_to\/google_plus?linkurl=https%3A%2F%2Fwww.penzionlipuvka.eu%2F%3Fpage_id%3D204&amp;linkname=NA%C5%A0I%20POSLANCI\" title=\"Google+\" rel=\"nofollow\" target=\"_blank\"><\/a><a class=\"a2a_dd addtoany_share_save\" href=\"https:\/\/www.addtoany.com\/share_save\"><\/a>\n<script type=\"text\/javascript\"><!--\nwpa2a.script_load();\n\/\/--><\/script>\n<\/div><\/div>","protected":false},"excerpt":{"rendered":"<p>V\u00c1\u017dEN\u00c1 POSLANKYN\u011a KATE\u0158INA PROKE\u0160OV\u00c1 znalkyn\u011b bordel\u016f na h\u0159bitovech a v pap\u00edrov\u00fdch kartot\u00e9k\u00e1ch odbornice na d\u011btstv\u00ed a vod\u00edc\u00ed psy majitelka titulu MgrAnd. (Magistr And\u011bl) tlumo\u010dnice do and\u011blsk\u00e9 znakov\u00e9 \u0159e\u010di na Lip\u016fvce vedouc\u00ed sm\u011bny a hlavn\u00ed pokojsk\u00e1 &nbsp; V\u00c1\u017dEN\u00dd POSLANEC JAN DUBENSK\u00dd policejn\u00ed \u0159iditel, budouc\u00ed policejn\u00ed prezident porodn\u00edk inov\u00e1tor a hrd\u00fd otec v\u00edce ne\u017e milionu d\u011bt\u00ed budouc\u00ed &hellip; <a href=\"https:\/\/www.penzionlipuvka.eu\/?page_id=204\" class=\"more-link\">Pokra\u010dov\u00e1n\u00ed textu <span class=\"screen-reader-text\">NA\u0160I POSLANCI<\/span><\/a><\/p>\n<div class=\"addtoany_share_save_container addtoany_content_bottom\"><div class=\"a2a_kit a2a_kit_size_32 addtoany_list a2a_target\" id=\"wpa2a_2\"><a class=\"a2a_button_facebook\" href=\"http:\/\/www.addtoany.com\/add_to\/facebook?linkurl=https%3A%2F%2Fwww.penzionlipuvka.eu%2F%3Fpage_id%3D204&amp;linkname=NA%C5%A0I%20POSLANCI\" title=\"Facebook\" rel=\"nofollow\" target=\"_blank\"><\/a><a class=\"a2a_button_twitter\" href=\"http:\/\/www.addtoany.com\/add_to\/twitter?linkurl=https%3A%2F%2Fwww.penzionlipuvka.eu%2F%3Fpage_id%3D204&amp;linkname=NA%C5%A0I%20POSLANCI\" title=\"Twitter\" rel=\"nofollow\" target=\"_blank\"><\/a><a class=\"a2a_button_google_plus\" href=\"http:\/\/www.addtoany.com\/add_to\/google_plus?linkurl=https%3A%2F%2Fwww.penzionlipuvka.eu%2F%3Fpage_id%3D204&amp;linkname=NA%C5%A0I%20POSLANCI\" title=\"Google+\" rel=\"nofollow\" target=\"_blank\"><\/a><a class=\"a2a_dd addtoany_share_save\" href=\"https:\/\/www.addtoany.com\/share_save\"><\/a><\/div><\/div>","protected":false},"author":1,"featured_media":0,"parent":0,"menu_order":0,"comment_status":"open","ping_status":"open","template":"","meta":{"footnotes":""},"class_list":["post-204","page","type-page","status-publish","hentry"],"aioseo_notices":[],"_links":{"self":[{"href":"https:\/\/www.penzionlipuvka.eu\/index.php?rest_route=\/wp\/v2\/pages\/204","targetHints":{"allow":["GET"]}}],"collection":[{"href":"https:\/\/www.penzionlipuvka.eu\/index.php?rest_route=\/wp\/v2\/pages"}],"about":[{"href":"https:\/\/www.penzionlipuvka.eu\/index.php?rest_route=\/wp\/v2\/types\/page"}],"author":[{"embeddable":true,"href":"https:\/\/www.penzionlipuvka.eu\/index.php?rest_route=\/wp\/v2\/users\/1"}],"replies":[{"embeddable":true,"href":"https:\/\/www.penzionlipuvka.eu\/index.php?rest_route=%2Fwp%2Fv2%2Fcomments&post=204"}],"version-history":[{"count":3,"href":"https:\/\/www.penzionlipuvka.eu\/index.php?rest_route=\/wp\/v2\/pages\/204\/revisions"}],"predecessor-version":[{"id":265,"href":"https:\/\/www.penzionlipuvka.eu\/index.php?rest_route=\/wp\/v2\/pages\/204\/revisions\/265"}],"wp:attachment":[{"href":"https:\/\/www.penzionlipuvka.eu\/index.php?rest_route=%2Fwp%2Fv2%2Fmedia&parent=204"}],"curies":[{"name":"wp","href":"https:\/\/api.w.org\/{rel}","templated":true}]}}