{"id":191,"date":"2015-07-08T00:38:14","date_gmt":"2015-07-07T22:38:14","guid":{"rendered":"http:\/\/www.penzionlipuvka.eu\/?page_id=191"},"modified":"2015-07-11T20:55:14","modified_gmt":"2015-07-11T18:55:14","slug":"nasi-poslanci-pri-praci","status":"publish","type":"page","link":"https:\/\/www.penzionlipuvka.eu\/?page_id=191","title":{"rendered":"NA\u0160I POSLANCI P\u0158I PR\u00c1CI"},"content":{"rendered":"<div class=\"su-custom-gallery su-custom-gallery-title-never su-lightbox-gallery\"><div class=\"su-custom-gallery-slide\"><a href=\"https:\/\/www.penzionlipuvka.eu\/wp-content\/uploads\/2015\/07\/DSC_3225.jpg\"><img loading=\"lazy\" decoding=\"async\" src=\"https:\/\/www.penzionlipuvka.eu\/wp-content\/uploads\/2015\/07\/DSC_3225-125x125.jpg\" alt=\"DSC_3225\" width=\"125\" height=\"125\" \/><span class=\"su-custom-gallery-title\">DSC_3225<\/span><\/a><\/div><div class=\"su-custom-gallery-slide\"><a href=\"https:\/\/www.penzionlipuvka.eu\/wp-content\/uploads\/2015\/07\/DSC_3226.jpg\"><img loading=\"lazy\" decoding=\"async\" src=\"https:\/\/www.penzionlipuvka.eu\/wp-content\/uploads\/2015\/07\/DSC_3226-125x125.jpg\" alt=\"DSC_3226\" width=\"125\" height=\"125\" \/><span class=\"su-custom-gallery-title\">DSC_3226<\/span><\/a><\/div><div class=\"su-custom-gallery-slide\"><a href=\"https:\/\/www.penzionlipuvka.eu\/wp-content\/uploads\/2015\/07\/DSC_3158.jpg\"><img loading=\"lazy\" decoding=\"async\" src=\"https:\/\/www.penzionlipuvka.eu\/wp-content\/uploads\/2015\/07\/DSC_3158-125x125.jpg\" alt=\"DSC_3158\" width=\"125\" height=\"125\" \/><span class=\"su-custom-gallery-title\">DSC_3158<\/span><\/a><\/div><div class=\"su-custom-gallery-slide\"><a href=\"https:\/\/www.penzionlipuvka.eu\/wp-content\/uploads\/2015\/07\/DSC_3151.jpg\"><img loading=\"lazy\" decoding=\"async\" src=\"https:\/\/www.penzionlipuvka.eu\/wp-content\/uploads\/2015\/07\/DSC_3151-125x125.jpg\" alt=\"DSC_3151\" width=\"125\" height=\"125\" \/><span class=\"su-custom-gallery-title\">DSC_3151<\/span><\/a><\/div><div class=\"su-custom-gallery-slide\"><a href=\"https:\/\/www.penzionlipuvka.eu\/wp-content\/uploads\/2015\/07\/DSC_3149.jpg\"><img loading=\"lazy\" decoding=\"async\" src=\"https:\/\/www.penzionlipuvka.eu\/wp-content\/uploads\/2015\/07\/DSC_3149-125x125.jpg\" alt=\"DSC_3149\" width=\"125\" height=\"125\" \/><span class=\"su-custom-gallery-title\">DSC_3149<\/span><\/a><\/div><div class=\"su-custom-gallery-slide\"><a href=\"https:\/\/www.penzionlipuvka.eu\/wp-content\/uploads\/2015\/07\/DSC_3148.jpg\"><img loading=\"lazy\" decoding=\"async\" src=\"https:\/\/www.penzionlipuvka.eu\/wp-content\/uploads\/2015\/07\/DSC_3148-125x125.jpg\" alt=\"DSC_3148\" width=\"125\" height=\"125\" \/><span class=\"su-custom-gallery-title\">DSC_3148<\/span><\/a><\/div><div class=\"su-custom-gallery-slide\"><a href=\"https:\/\/www.penzionlipuvka.eu\/wp-content\/uploads\/2015\/07\/DSC_3118.jpg\"><img loading=\"lazy\" decoding=\"async\" src=\"https:\/\/www.penzionlipuvka.eu\/wp-content\/uploads\/2015\/07\/DSC_3118-125x125.jpg\" alt=\"DSC_3118\" width=\"125\" height=\"125\" \/><span class=\"su-custom-gallery-title\">DSC_3118<\/span><\/a><\/div><div class=\"su-custom-gallery-slide\"><a href=\"https:\/\/www.penzionlipuvka.eu\/wp-content\/uploads\/2015\/07\/DSC_3116.jpg\"><img loading=\"lazy\" decoding=\"async\" src=\"https:\/\/www.penzionlipuvka.eu\/wp-content\/uploads\/2015\/07\/DSC_3116-125x125.jpg\" alt=\"DSC_3116\" width=\"125\" height=\"125\" \/><span class=\"su-custom-gallery-title\">DSC_3116<\/span><\/a><\/div><div class=\"su-custom-gallery-slide\"><a href=\"https:\/\/www.penzionlipuvka.eu\/wp-content\/uploads\/2015\/07\/DSC_3015.jpg\"><img loading=\"lazy\" decoding=\"async\" src=\"https:\/\/www.penzionlipuvka.eu\/wp-content\/uploads\/2015\/07\/DSC_3015-125x125.jpg\" alt=\"DSC_3015\" width=\"125\" height=\"125\" \/><span class=\"su-custom-gallery-title\">DSC_3015<\/span><\/a><\/div><div class=\"su-custom-gallery-slide\"><a href=\"https:\/\/www.penzionlipuvka.eu\/wp-content\/uploads\/2015\/07\/DSC_3014.jpg\"><img loading=\"lazy\" decoding=\"async\" src=\"https:\/\/www.penzionlipuvka.eu\/wp-content\/uploads\/2015\/07\/DSC_3014-125x125.jpg\" alt=\"DSC_3014\" width=\"125\" height=\"125\" \/><span class=\"su-custom-gallery-title\">DSC_3014<\/span><\/a><\/div><div class=\"su-custom-gallery-slide\"><a href=\"https:\/\/www.penzionlipuvka.eu\/wp-content\/uploads\/2015\/07\/DSC_3012.jpg\"><img loading=\"lazy\" decoding=\"async\" src=\"https:\/\/www.penzionlipuvka.eu\/wp-content\/uploads\/2015\/07\/DSC_3012-125x125.jpg\" alt=\"DSC_3012\" width=\"125\" height=\"125\" \/><span class=\"su-custom-gallery-title\">DSC_3012<\/span><\/a><\/div><div class=\"su-custom-gallery-slide\"><a href=\"https:\/\/www.penzionlipuvka.eu\/wp-content\/uploads\/2015\/07\/DSC_3010.jpg\"><img loading=\"lazy\" decoding=\"async\" src=\"https:\/\/www.penzionlipuvka.eu\/wp-content\/uploads\/2015\/07\/DSC_3010-125x125.jpg\" alt=\"DSC_3010\" width=\"125\" height=\"125\" \/><span class=\"su-custom-gallery-title\">DSC_3010<\/span><\/a><\/div><div class=\"su-custom-gallery-slide\"><a href=\"https:\/\/www.penzionlipuvka.eu\/wp-content\/uploads\/2015\/07\/DSC_3009.jpg\"><img loading=\"lazy\" decoding=\"async\" src=\"https:\/\/www.penzionlipuvka.eu\/wp-content\/uploads\/2015\/07\/DSC_3009-125x125.jpg\" alt=\"DSC_3009\" width=\"125\" height=\"125\" \/><span class=\"su-custom-gallery-title\">DSC_3009<\/span><\/a><\/div><div class=\"su-custom-gallery-slide\"><a href=\"https:\/\/www.penzionlipuvka.eu\/wp-content\/uploads\/2015\/07\/DSC_3003.jpg\"><img loading=\"lazy\" decoding=\"async\" src=\"https:\/\/www.penzionlipuvka.eu\/wp-content\/uploads\/2015\/07\/DSC_3003-125x125.jpg\" alt=\"DSC_3003\" width=\"125\" height=\"125\" \/><span class=\"su-custom-gallery-title\">DSC_3003<\/span><\/a><\/div><div class=\"su-custom-gallery-slide\"><a href=\"https:\/\/www.penzionlipuvka.eu\/wp-content\/uploads\/2015\/07\/DSC_3002.jpg\"><img loading=\"lazy\" decoding=\"async\" src=\"https:\/\/www.penzionlipuvka.eu\/wp-content\/uploads\/2015\/07\/DSC_3002-125x125.jpg\" alt=\"DSC_3002\" width=\"125\" height=\"125\" \/><span class=\"su-custom-gallery-title\">DSC_3002<\/span><\/a><\/div><div class=\"su-custom-gallery-slide\"><a href=\"https:\/\/www.penzionlipuvka.eu\/wp-content\/uploads\/2015\/07\/posl.lip_.jpg\"><img loading=\"lazy\" decoding=\"async\" src=\"https:\/\/www.penzionlipuvka.eu\/wp-content\/uploads\/2015\/07\/posl.lip_-125x125.jpg\" alt=\"posl.lip\" width=\"125\" height=\"125\" \/><span class=\"su-custom-gallery-title\">posl.lip<\/span><\/a><\/div><div class=\"su-custom-gallery-slide\"><a href=\"https:\/\/www.penzionlipuvka.eu\/wp-content\/uploads\/2015\/07\/poslanci.jpg\"><img loading=\"lazy\" decoding=\"async\" src=\"https:\/\/www.penzionlipuvka.eu\/wp-content\/uploads\/2015\/07\/poslanci-125x125.jpg\" alt=\"poslanci\" width=\"125\" height=\"125\" \/><span class=\"su-custom-gallery-title\">poslanci<\/span><\/a><\/div><div class=\"su-custom-gallery-slide\"><a href=\"https:\/\/www.penzionlipuvka.eu\/wp-content\/uploads\/2015\/07\/11652167_10204831314366813_409876398_n.jpg\"><img loading=\"lazy\" decoding=\"async\" src=\"https:\/\/www.penzionlipuvka.eu\/wp-content\/uploads\/2015\/07\/11652167_10204831314366813_409876398_n-125x125.jpg\" alt=\"11652167_10204831314366813_409876398_n\" width=\"125\" height=\"125\" \/><span class=\"su-custom-gallery-title\">11652167_10204831314366813_409876398_n<\/span><\/a><\/div><div class=\"su-custom-gallery-slide\"><a href=\"https:\/\/www.penzionlipuvka.eu\/wp-content\/uploads\/2015\/07\/11652012_10204831314526817_1990377182_n.jpg\"><img loading=\"lazy\" decoding=\"async\" src=\"https:\/\/www.penzionlipuvka.eu\/wp-content\/uploads\/2015\/07\/11652012_10204831314526817_1990377182_n-125x125.jpg\" alt=\"11652012_10204831314526817_1990377182_n\" width=\"125\" height=\"125\" \/><span class=\"su-custom-gallery-title\">11652012_10204831314526817_1990377182_n<\/span><\/a><\/div><div class=\"su-clear\"><\/div><\/div>\n<div class=\"addtoany_share_save_container addtoany_content_bottom\"><div class=\"a2a_kit a2a_kit_size_32 addtoany_list a2a_target\" id=\"wpa2a_1\"><a class=\"a2a_button_facebook\" href=\"http:\/\/www.addtoany.com\/add_to\/facebook?linkurl=https%3A%2F%2Fwww.penzionlipuvka.eu%2F%3Fpage_id%3D191&amp;linkname=NA%C5%A0I%20POSLANCI%20P%C5%98I%20PR%C3%81CI\" title=\"Facebook\" rel=\"nofollow\" target=\"_blank\"><\/a><a class=\"a2a_button_twitter\" href=\"http:\/\/www.addtoany.com\/add_to\/twitter?linkurl=https%3A%2F%2Fwww.penzionlipuvka.eu%2F%3Fpage_id%3D191&amp;linkname=NA%C5%A0I%20POSLANCI%20P%C5%98I%20PR%C3%81CI\" title=\"Twitter\" rel=\"nofollow\" target=\"_blank\"><\/a><a class=\"a2a_button_google_plus\" href=\"http:\/\/www.addtoany.com\/add_to\/google_plus?linkurl=https%3A%2F%2Fwww.penzionlipuvka.eu%2F%3Fpage_id%3D191&amp;linkname=NA%C5%A0I%20POSLANCI%20P%C5%98I%20PR%C3%81CI\" title=\"Google+\" rel=\"nofollow\" target=\"_blank\"><\/a><a class=\"a2a_dd addtoany_share_save\" href=\"https:\/\/www.addtoany.com\/share_save\"><\/a>\n<script type=\"text\/javascript\"><!--\nwpa2a.script_load();\n\/\/--><\/script>\n<\/div><\/div>","protected":false},"excerpt":{"rendered":"<div class=\"addtoany_share_save_container addtoany_content_bottom\"><div class=\"a2a_kit a2a_kit_size_32 addtoany_list a2a_target\" id=\"wpa2a_2\"><a class=\"a2a_button_facebook\" href=\"http:\/\/www.addtoany.com\/add_to\/facebook?linkurl=https%3A%2F%2Fwww.penzionlipuvka.eu%2F%3Fpage_id%3D191&amp;linkname=NA%C5%A0I%20POSLANCI%20P%C5%98I%20PR%C3%81CI\" title=\"Facebook\" rel=\"nofollow\" target=\"_blank\"><\/a><a class=\"a2a_button_twitter\" href=\"http:\/\/www.addtoany.com\/add_to\/twitter?linkurl=https%3A%2F%2Fwww.penzionlipuvka.eu%2F%3Fpage_id%3D191&amp;linkname=NA%C5%A0I%20POSLANCI%20P%C5%98I%20PR%C3%81CI\" title=\"Twitter\" rel=\"nofollow\" target=\"_blank\"><\/a><a class=\"a2a_button_google_plus\" href=\"http:\/\/www.addtoany.com\/add_to\/google_plus?linkurl=https%3A%2F%2Fwww.penzionlipuvka.eu%2F%3Fpage_id%3D191&amp;linkname=NA%C5%A0I%20POSLANCI%20P%C5%98I%20PR%C3%81CI\" title=\"Google+\" rel=\"nofollow\" target=\"_blank\"><\/a><a class=\"a2a_dd addtoany_share_save\" href=\"https:\/\/www.addtoany.com\/share_save\"><\/a><\/div><\/div>","protected":false},"author":1,"featured_media":0,"parent":0,"menu_order":0,"comment_status":"open","ping_status":"open","template":"","meta":{"footnotes":""},"class_list":["post-191","page","type-page","status-publish","hentry"],"aioseo_notices":[],"_links":{"self":[{"href":"https:\/\/www.penzionlipuvka.eu\/index.php?rest_route=\/wp\/v2\/pages\/191","targetHints":{"allow":["GET"]}}],"collection":[{"href":"https:\/\/www.penzionlipuvka.eu\/index.php?rest_route=\/wp\/v2\/pages"}],"about":[{"href":"https:\/\/www.penzionlipuvka.eu\/index.php?rest_route=\/wp\/v2\/types\/page"}],"author":[{"embeddable":true,"href":"https:\/\/www.penzionlipuvka.eu\/index.php?rest_route=\/wp\/v2\/users\/1"}],"replies":[{"embeddable":true,"href":"https:\/\/www.penzionlipuvka.eu\/index.php?rest_route=%2Fwp%2Fv2%2Fcomments&post=191"}],"version-history":[{"count":2,"href":"https:\/\/www.penzionlipuvka.eu\/index.php?rest_route=\/wp\/v2\/pages\/191\/revisions"}],"predecessor-version":[{"id":218,"href":"https:\/\/www.penzionlipuvka.eu\/index.php?rest_route=\/wp\/v2\/pages\/191\/revisions\/218"}],"wp:attachment":[{"href":"https:\/\/www.penzionlipuvka.eu\/index.php?rest_route=%2Fwp%2Fv2%2Fmedia&parent=191"}],"curies":[{"name":"wp","href":"https:\/\/api.w.org\/{rel}","templated":true}]}}