{"id":10,"date":"2015-07-06T22:30:11","date_gmt":"2015-07-06T20:30:11","guid":{"rendered":"http:\/\/www.penzionlipuvka.eu\/?page_id=10"},"modified":"2026-03-28T14:16:25","modified_gmt":"2026-03-28T13:16:25","slug":"10-2","status":"publish","type":"page","link":"https:\/\/www.penzionlipuvka.eu\/","title":{"rendered":"V\u00cdTEJTE NA LIP\u016eVCE!"},"content":{"rendered":"<h4 style=\"text-align: center;\"><span style=\"color: #000000;\"><strong>SRDE\u010cN\u011a V\u00c1S V\u00cdT\u00c1ME NA STR\u00c1NK\u00c1CH PENZIONU LIP\u016eVKA!<\/strong><\/span><\/h4>\n<p style=\"text-align: center;\"><span style=\"color: #000000;\">R\u00e1di V\u00e1m zde penzion p\u0159edstav\u00edme, nebo\u0165 je pon\u011bkud netradi\u010dn\u00ed, o to v\u0161ak v\u0159elej\u0161\u00ed atmosf\u00e9ru zde naleznete.<\/span><\/p>\n<p style=\"text-align: center;\"><span style=\"color: #000000;\">Lip\u016fvka je divadeln\u00ed penzion, \u00fazce nav\u00e1zan\u00fd na Divadlo Klauniky Brno, a proto zde naleznete \u0159adu divadeln\u00edch stop a V\u00e1\u0161 pobyt m\u016f\u017ee zpest\u0159it t\u00e9\u017e teatralita m\u00edstn\u00edho person\u00e1lu.<\/span><\/p>\n<p style=\"text-align: center;\"><span style=\"color: #000000;\">Penzion je tak\u00e9 chr\u00e1n\u011bn\u00fdm pracovi\u0161t\u011bm \u2013 zam\u011bstn\u00e1v\u00e1me zde kolegy s ment\u00e1ln\u00edm handicapem, kte\u0159\u00ed si V\u00e1s zamiluj\u00ed a s velkou p\u00e9\u010d\u00ed se o V\u00e1s budou starat.<\/span><\/p>\n<p style=\"text-align: center;\"><span style=\"color: #000000;\">Penzion je dob\u0159e za\u0159\u00edzen pro rodiny s d\u011btmi.<\/span><\/p>\n<p style=\"text-align: center;\"><span style=\"color: #000000;\">Dom\u00e1c\u00ed mazl\u00ed\u010dky v\u00edt\u00e1me s radost\u00ed.<\/span><\/p>\n<h5 style=\"text-align: center;\"><span style=\"color: #000000;\">Nenajdete u n\u00e1s luxus, ale otev\u0159en\u00e1 srdce.<\/span><\/h5>\n<p><a href=\"http:\/\/www.penzionlipuvka.eu\/wp-content\/uploads\/2025\/03\/Guru-2025-1.jpg\"><img loading=\"lazy\" decoding=\"async\" class=\"size-medium wp-image-366 aligncenter\" src=\"http:\/\/www.penzionlipuvka.eu\/wp-content\/uploads\/2025\/03\/Guru-2025-1-300x224.jpg\" alt=\"\" width=\"300\" height=\"224\" srcset=\"https:\/\/www.penzionlipuvka.eu\/wp-content\/uploads\/2025\/03\/Guru-2025-1-300x224.jpg 300w, https:\/\/www.penzionlipuvka.eu\/wp-content\/uploads\/2025\/03\/Guru-2025-1-1024x766.jpg 1024w, https:\/\/www.penzionlipuvka.eu\/wp-content\/uploads\/2025\/03\/Guru-2025-1-768x575.jpg 768w, https:\/\/www.penzionlipuvka.eu\/wp-content\/uploads\/2025\/03\/Guru-2025-1-1536x1149.jpg 1536w, https:\/\/www.penzionlipuvka.eu\/wp-content\/uploads\/2025\/03\/Guru-2025-1-2048x1532.jpg 2048w\" sizes=\"auto, (max-width: 300px) 100vw, 300px\" \/><\/a><\/p>\n<p>&nbsp;<\/p>\n<p>&nbsp;<\/p>\n<blockquote>\n<p style=\"text-align: center;\"><span style=\"color: #00ccff;\">Mnohokr\u00e1t d\u011bkujeme v\u0161em p\u0159\u00e1tel\u016fm, p\u0159\u00edbuzn\u00fdm, starost\u016fm, firm\u00e1m, zn\u00e1m\u00fdm i nezn\u00e1m\u00fdm lidem a zejm\u00e9na nejstar\u0161\u00edm fanou\u0161k\u016fm na\u0161\u00ed tvorby za finan\u010dn\u00ed dar, kter\u00fd n\u00e1m laskav\u011b poskytli dle sv\u00fdch mo\u017enost\u00ed. \u00a0Dar byl vyu\u017eit zejm\u00e9na na opravu kotelny na penzionu, kter\u00e1 p\u0159i povodn\u00edch utrp\u011bla nejv\u011bt\u0161\u00ed \u0161kody. D\u00edky V\u00e1m m\u00e1me za\u0159\u00edzen\u00ed kotelny zbrusu nov\u00e9 a je op\u011bt pln\u011b v\u00a0provozu. <\/span><\/p>\n<p style=\"text-align: center;\"><span style=\"color: #00ccff;\">Zachovejte n\u00e1m p\u0159\u00edze\u0148 <\/span><span style=\"color: #00ccff;\">a nezapome\u0148te, \u017ee jste u n\u00e1s na penzionu v\u017edy v\u00edt\u00e1ni.<\/span><\/p>\n<\/blockquote>\n<p>&nbsp;<\/p>\n<p>&nbsp;<\/p>\n<div class=\"elementor-element elementor-element-3cd7dbd elementor-widget elementor-widget-text-editor\" data-id=\"3cd7dbd\" data-element_type=\"widget\" data-widget_type=\"text-editor.default\">\n<div class=\"elementor-widget-container\">\n<p style=\"text-align: center;\"><em><strong><span id=\"p3R_mc0\" class=\"markedContent\"><span dir=\"ltr\" role=\"presentation\">Mil\u00ed p\u0159\u00edznivci Divadla Klauniky<\/span>\u00a0<span dir=\"ltr\" role=\"presentation\">a divadeln\u00edho penzionu Lip\u016fvka, bohu\u017eel se n\u00e1m nevyhnula z\u00e1plava,\u00a0<\/span><span dir=\"ltr\" role=\"presentation\">kter\u00e1 siln\u011b postihla Lipovou<\/span><span dir=\"ltr\" role=\"presentation\">\u2013<\/span><span dir=\"ltr\" role=\"presentation\">L\u00e1zn\u011b<br \/>\na p\u0159\u00edval vody z<\/span>\u00a0<span dir=\"ltr\" role=\"presentation\">hor notn\u011b zas\u00e1hl i n\u00e1\u0161 penzion, jak vidno na videu a\u00a0<\/span><span dir=\"ltr\" role=\"presentation\">fotk\u00e1ch. Prvotn\u00ed odkl\u00edzen\u00ed<\/span>\u00a0<span dir=\"ltr\" role=\"presentation\">vody,<\/span>\u00a0<span dir=\"ltr\" role=\"presentation\">bahna a nepo\u0159\u00e1dku m\u00e1me za sebou<br \/>\na chceme moc pod\u011bkovat v\u0161em, k<\/span><span dir=\"ltr\" role=\"presentation\">te\u0159\u00ed n\u00e1m pomohli<\/span><span dir=\"ltr\" role=\"presentation\">,<\/span>\u00a0<span dir=\"ltr\" role=\"presentation\">i t\u011bm, kte\u0159\u00ed n\u00e1m pomoc nab\u00edzeli.\u00a0<\/span><\/span><\/strong><\/em><\/p>\n<p style=\"text-align: center;\"><em><strong><span class=\"markedContent\"><span dir=\"ltr\" role=\"presentation\">Vznikla ale cel\u00e1 \u0159ada \u0161kod, kter\u00e9 budeme muset<\/span><br role=\"presentation\" \/><span dir=\"ltr\" role=\"presentation\">opravit, a proto budeme vd\u011b\u010dn\u00ed za drobn\u00fd p\u0159\u00edsp\u011bvek, kter\u00fd n\u00e1m v<\/span>\u00a0<span dir=\"ltr\" role=\"presentation\">tomto sm\u011bru pom\u016f\u017ee.\u00a0<\/span><\/span><\/strong><\/em><\/p>\n<p style=\"text-align: center;\"><em><span class=\"markedContent\"><span dir=\"ltr\" role=\"presentation\">Tak\u00e9 byste\u00a0<\/span><span dir=\"ltr\" role=\"presentation\">n\u00e1s mohli podpo\u0159it t\u00edm, \u017ee si u n\u00e1s objedn\u00e1te pobyt n<\/span><span dir=\"ltr\" role=\"presentation\">a p\u0159\u00edjemn\u00fd v\u00edkend. Ubytov\u00e1n\u00ed u <\/span><span dir=\"ltr\" role=\"presentation\"><b>n\u00e1s mo\u017en\u00e9 je, kuchy\u0148 je tak\u00e9 provozuschopn\u00e1.<\/b><\/span><\/span><\/em><\/p>\n<p style=\"text-align: center;\"><em><span class=\"markedContent\"><span dir=\"ltr\" role=\"presentation\">(Rezervace ubytov\u00e1n\u00ed na tel.: 608 824 110)<\/span><\/span><\/em><\/p>\n<p style=\"text-align: center;\"><em><strong><span id=\"p3R_mc1\" class=\"markedContent\"><span dir=\"ltr\" role=\"presentation\">D\u011bkujeme za ka\u017edou podporu a zachovejte n\u00e1m p\u0159\u00edze\u0148<\/span><\/span><\/strong><strong><span class=\"markedContent\"><span dir=\"ltr\" role=\"presentation\">.<\/span><\/span><\/strong><\/em><\/p>\n<p style=\"text-align: center;\"><em><strong><span id=\"p3R_mc2\" class=\"markedContent\"><span dir=\"ltr\" role=\"presentation\">\u010c. \u00fa\u010dtu: 107-4840090297\/0100<\/span><span dir=\"ltr\" role=\"presentation\">, do pozn\u00e1mky pros\u00edm uve\u010fte \u201edar povode\u0148\u201c.<\/span><\/span><\/strong><\/em><\/p>\n<p style=\"text-align: center;\"><em><strong><span id=\"p3R_mc3\" class=\"markedContent\"><span dir=\"ltr\" role=\"presentation\">V\u00e1\u0161<\/span><\/span><span id=\"p3R_mc4\" class=\"markedContent\"><br role=\"presentation\" \/><span dir=\"ltr\" role=\"presentation\">Divadeln\u00ed penzion Lip\u016fvka<\/span><\/span><\/strong><\/em><\/p>\n<\/div>\n<\/div>\n<div class=\"elementor-element elementor-element-3ec1905 elementor-widget elementor-widget-image\" style=\"text-align: center;\" data-id=\"3ec1905\" data-element_type=\"widget\" data-widget_type=\"image.default\">\n<div class=\"elementor-widget-container\"><img loading=\"lazy\" decoding=\"async\" class=\"attachment-large size-large wp-image-354\" src=\"https:\/\/www.klaunika.eu\/wp-content\/uploads\/2015\/05\/dub.kata_.jpg\" sizes=\"auto, (max-width: 580px) 100vw, 580px\" srcset=\"https:\/\/www.klaunika.eu\/wp-content\/uploads\/2015\/05\/dub.kata_.jpg 986w, https:\/\/www.klaunika.eu\/wp-content\/uploads\/2015\/05\/dub.kata_-300x198.jpg 300w\" alt=\"\" width=\"580\" height=\"384\" \/><\/div>\n<\/div>\n<div style=\"text-align: center;\"><\/div>\n<div><\/div>\n<div><\/div>\n<div><\/div>\n<div id='gallery-1' class='gallery galleryid-10 gallery-columns-3 gallery-size-thumbnail'><figure class='gallery-item'>\n\t\t\t<div class='gallery-icon portrait'>\n\t\t\t\t<a href='https:\/\/www.penzionlipuvka.eu\/?attachment_id=349'><img loading=\"lazy\" decoding=\"async\" width=\"150\" height=\"150\" src=\"https:\/\/www.penzionlipuvka.eu\/wp-content\/uploads\/2024\/09\/IMG-20240926-WA0004-150x150.jpg\" class=\"attachment-thumbnail size-thumbnail\" alt=\"\" \/><\/a>\n\t\t\t<\/div><\/figure><figure class='gallery-item'>\n\t\t\t<div class='gallery-icon portrait'>\n\t\t\t\t<a href='https:\/\/www.penzionlipuvka.eu\/?attachment_id=348'><img loading=\"lazy\" decoding=\"async\" width=\"150\" height=\"150\" src=\"https:\/\/www.penzionlipuvka.eu\/wp-content\/uploads\/2024\/09\/IMG-20240926-WA0003-150x150.jpg\" class=\"attachment-thumbnail size-thumbnail\" alt=\"\" \/><\/a>\n\t\t\t<\/div><\/figure><figure class='gallery-item'>\n\t\t\t<div class='gallery-icon landscape'>\n\t\t\t\t<a href='https:\/\/www.penzionlipuvka.eu\/?attachment_id=347'><img loading=\"lazy\" decoding=\"async\" width=\"150\" height=\"150\" src=\"https:\/\/www.penzionlipuvka.eu\/wp-content\/uploads\/2024\/09\/IMG-20240926-WA0002-150x150.jpg\" class=\"attachment-thumbnail size-thumbnail\" alt=\"\" \/><\/a>\n\t\t\t<\/div><\/figure><figure class='gallery-item'>\n\t\t\t<div class='gallery-icon landscape'>\n\t\t\t\t<a href='https:\/\/www.penzionlipuvka.eu\/?attachment_id=346'><img loading=\"lazy\" decoding=\"async\" width=\"150\" height=\"150\" src=\"https:\/\/www.penzionlipuvka.eu\/wp-content\/uploads\/2024\/09\/IMG-20240926-WA0001-150x150.jpg\" class=\"attachment-thumbnail size-thumbnail\" alt=\"\" \/><\/a>\n\t\t\t<\/div><\/figure><figure class='gallery-item'>\n\t\t\t<div class='gallery-icon landscape'>\n\t\t\t\t<a href='https:\/\/www.penzionlipuvka.eu\/?attachment_id=345'><img loading=\"lazy\" decoding=\"async\" width=\"150\" height=\"150\" src=\"https:\/\/www.penzionlipuvka.eu\/wp-content\/uploads\/2024\/09\/IMG-20240926-WA0000-150x150.jpg\" class=\"attachment-thumbnail size-thumbnail\" alt=\"\" \/><\/a>\n\t\t\t<\/div><\/figure><figure class='gallery-item'>\n\t\t\t<div class='gallery-icon landscape'>\n\t\t\t\t<a href='https:\/\/www.penzionlipuvka.eu\/?attachment_id=343'><img loading=\"lazy\" decoding=\"async\" width=\"150\" height=\"150\" src=\"https:\/\/www.penzionlipuvka.eu\/wp-content\/uploads\/2024\/09\/IMG-20240924-WA0001-150x150.jpg\" class=\"attachment-thumbnail size-thumbnail\" alt=\"\" \/><\/a>\n\t\t\t<\/div><\/figure>\n\t\t<\/div>\n\n<p>&nbsp;<\/p>\n<div class=\"wp-playlist wp-video-playlist wp-playlist-light\">\n\t\t<video controls=\"controls\" preload=\"none\" width=\"638\"\n\t\t height=\"1127\"\t><\/video>\n\t<div class=\"wp-playlist-next\"><\/div>\n\t<div class=\"wp-playlist-prev\"><\/div>\n\t<noscript>\n\t<ol>\n\t\t<li><a href='https:\/\/www.penzionlipuvka.eu\/wp-content\/uploads\/2024\/09\/VID-20240927-WA0000-1.mp4'>VID-20240927-WA0000<\/a><\/li>\t<\/ol>\n\t<\/noscript>\n\t<script type=\"application\/json\" class=\"wp-playlist-script\">{\"type\":\"video\",\"tracklist\":true,\"tracknumbers\":true,\"images\":true,\"artists\":true,\"tracks\":[{\"src\":\"https:\/\/www.penzionlipuvka.eu\/wp-content\/uploads\/2024\/09\/VID-20240927-WA0000-1.mp4\",\"type\":\"video\/mp4\",\"title\":\"VID-20240927-WA0000\",\"caption\":\"\",\"description\":\"\",\"meta\":{\"length_formatted\":\"1:47\"},\"dimensions\":{\"original\":{\"width\":480,\"height\":848},\"resized\":{\"width\":638,\"height\":1127}},\"image\":{\"src\":\"https:\/\/www.penzionlipuvka.eu\/wp-includes\/images\/media\/video.svg\",\"width\":48,\"height\":64},\"thumb\":{\"src\":\"https:\/\/www.penzionlipuvka.eu\/wp-includes\/images\/media\/video.svg\",\"width\":48,\"height\":64}}]}<\/script>\n<\/div>\n\t\n<div class=\"addtoany_share_save_container addtoany_content_bottom\"><div class=\"a2a_kit a2a_kit_size_32 addtoany_list a2a_target\" id=\"wpa2a_1\"><a class=\"a2a_button_facebook\" href=\"http:\/\/www.addtoany.com\/add_to\/facebook?linkurl=https%3A%2F%2Fwww.penzionlipuvka.eu%2F&amp;linkname=V%C3%8DTEJTE%20NA%20LIP%C5%AEVCE%21\" title=\"Facebook\" rel=\"nofollow\" target=\"_blank\"><\/a><a class=\"a2a_button_twitter\" href=\"http:\/\/www.addtoany.com\/add_to\/twitter?linkurl=https%3A%2F%2Fwww.penzionlipuvka.eu%2F&amp;linkname=V%C3%8DTEJTE%20NA%20LIP%C5%AEVCE%21\" title=\"Twitter\" rel=\"nofollow\" target=\"_blank\"><\/a><a class=\"a2a_button_google_plus\" href=\"http:\/\/www.addtoany.com\/add_to\/google_plus?linkurl=https%3A%2F%2Fwww.penzionlipuvka.eu%2F&amp;linkname=V%C3%8DTEJTE%20NA%20LIP%C5%AEVCE%21\" title=\"Google+\" rel=\"nofollow\" target=\"_blank\"><\/a><a class=\"a2a_dd addtoany_share_save\" href=\"https:\/\/www.addtoany.com\/share_save\"><\/a>\n<script type=\"text\/javascript\"><!--\nwpa2a.script_load();\n\/\/--><\/script>\n<\/div><\/div>","protected":false},"excerpt":{"rendered":"<p>SRDE\u010cN\u011a V\u00c1S V\u00cdT\u00c1ME NA STR\u00c1NK\u00c1CH PENZIONU LIP\u016eVKA! R\u00e1di V\u00e1m zde penzion p\u0159edstav\u00edme, nebo\u0165 je pon\u011bkud netradi\u010dn\u00ed, o to v\u0161ak v\u0159elej\u0161\u00ed atmosf\u00e9ru zde naleznete. Lip\u016fvka je divadeln\u00ed penzion, \u00fazce nav\u00e1zan\u00fd na Divadlo Klauniky Brno, a proto zde naleznete \u0159adu divadeln\u00edch stop a V\u00e1\u0161 pobyt m\u016f\u017ee zpest\u0159it t\u00e9\u017e teatralita m\u00edstn\u00edho person\u00e1lu. Penzion je tak\u00e9 chr\u00e1n\u011bn\u00fdm pracovi\u0161t\u011bm \u2013 &hellip; <a href=\"https:\/\/www.penzionlipuvka.eu\/\" class=\"more-link\">Pokra\u010dov\u00e1n\u00ed textu <span class=\"screen-reader-text\">V\u00cdTEJTE NA LIP\u016eVCE!<\/span><\/a><\/p>\n<div class=\"addtoany_share_save_container addtoany_content_bottom\"><div class=\"a2a_kit a2a_kit_size_32 addtoany_list a2a_target\" id=\"wpa2a_2\"><a class=\"a2a_button_facebook\" href=\"http:\/\/www.addtoany.com\/add_to\/facebook?linkurl=https%3A%2F%2Fwww.penzionlipuvka.eu%2F&amp;linkname=V%C3%8DTEJTE%20NA%20LIP%C5%AEVCE%21\" title=\"Facebook\" rel=\"nofollow\" target=\"_blank\"><\/a><a class=\"a2a_button_twitter\" href=\"http:\/\/www.addtoany.com\/add_to\/twitter?linkurl=https%3A%2F%2Fwww.penzionlipuvka.eu%2F&amp;linkname=V%C3%8DTEJTE%20NA%20LIP%C5%AEVCE%21\" title=\"Twitter\" rel=\"nofollow\" target=\"_blank\"><\/a><a class=\"a2a_button_google_plus\" href=\"http:\/\/www.addtoany.com\/add_to\/google_plus?linkurl=https%3A%2F%2Fwww.penzionlipuvka.eu%2F&amp;linkname=V%C3%8DTEJTE%20NA%20LIP%C5%AEVCE%21\" title=\"Google+\" rel=\"nofollow\" target=\"_blank\"><\/a><a class=\"a2a_dd addtoany_share_save\" href=\"https:\/\/www.addtoany.com\/share_save\"><\/a><\/div><\/div>","protected":false},"author":1,"featured_media":36,"parent":0,"menu_order":0,"comment_status":"open","ping_status":"open","template":"","meta":{"footnotes":""},"class_list":["post-10","page","type-page","status-publish","has-post-thumbnail","hentry"],"aioseo_notices":[],"_links":{"self":[{"href":"https:\/\/www.penzionlipuvka.eu\/index.php?rest_route=\/wp\/v2\/pages\/10","targetHints":{"allow":["GET"]}}],"collection":[{"href":"https:\/\/www.penzionlipuvka.eu\/index.php?rest_route=\/wp\/v2\/pages"}],"about":[{"href":"https:\/\/www.penzionlipuvka.eu\/index.php?rest_route=\/wp\/v2\/types\/page"}],"author":[{"embeddable":true,"href":"https:\/\/www.penzionlipuvka.eu\/index.php?rest_route=\/wp\/v2\/users\/1"}],"replies":[{"embeddable":true,"href":"https:\/\/www.penzionlipuvka.eu\/index.php?rest_route=%2Fwp%2Fv2%2Fcomments&post=10"}],"version-history":[{"count":31,"href":"https:\/\/www.penzionlipuvka.eu\/index.php?rest_route=\/wp\/v2\/pages\/10\/revisions"}],"predecessor-version":[{"id":382,"href":"https:\/\/www.penzionlipuvka.eu\/index.php?rest_route=\/wp\/v2\/pages\/10\/revisions\/382"}],"wp:featuredmedia":[{"embeddable":true,"href":"https:\/\/www.penzionlipuvka.eu\/index.php?rest_route=\/wp\/v2\/media\/36"}],"wp:attachment":[{"href":"https:\/\/www.penzionlipuvka.eu\/index.php?rest_route=%2Fwp%2Fv2%2Fmedia&parent=10"}],"curies":[{"name":"wp","href":"https:\/\/api.w.org\/{rel}","templated":true}]}}